{"id":2060,"date":"2025-05-29T07:09:47","date_gmt":"2025-05-29T07:09:47","guid":{"rendered":"https:\/\/force3medical.com\/?page_id=2060"},"modified":"2025-07-08T20:25:22","modified_gmt":"2025-07-08T20:25:22","slug":"contact","status":"publish","type":"page","link":"https:\/\/force3medical.com\/fr\/contact\/","title":{"rendered":"Contact"},"content":{"rendered":"<p>[et_pb_section fb_built=&#8221;1&#8243; fullwidth=&#8221;on&#8221; custom_padding_last_edited=&#8221;off|desktop&#8221; disabled_on=&#8221;on|off|off&#8221; module_id=&#8221;topHero&#8221; module_class=&#8221;myHero&#8221; _builder_version=&#8221;4.27.4&#8243; _module_preset=&#8221;default&#8221; background_color=&#8221;#aaaaaa&#8221; background_image=&#8221;https:\/\/force3medical.com\/wp-content\/uploads\/2022\/09\/contactpageBG.jpg&#8221; background_position=&#8221;center_right&#8221; min_height_tablet=&#8221;&#8221; min_height_phone=&#8221;&#8221; min_height_last_edited=&#8221;on|phone&#8221; scroll_fade_enable=&#8221;on&#8221; motion_trigger_start=&#8221;top&#8221; background_last_edited=&#8221;on|desktop&#8221; background_image_tablet=&#8221;https:\/\/force3medical.com\/wp-content\/uploads\/2022\/09\/contactpageBG.jpg&#8221; background_image_phone=&#8221;https:\/\/force3medical.com\/wp-content\/uploads\/2022\/10\/contactpageBG_mobilee.jpg&#8221; background_enable_image_tablet=&#8221;on&#8221; background_enable_image_phone=&#8221;on&#8221; background_position_tablet=&#8221;center&#8221; background_position_phone=&#8221;center&#8221; locked=&#8221;off&#8221; global_colors_info=&#8221;{}&#8221;][et_pb_fullwidth_header title=&#8221;CONTACT US&#8221; content_max_width=&#8221;45%&#8221; content_max_width_tablet=&#8221;80%&#8221; content_max_width_phone=&#8221;100%&#8221; content_max_width_last_edited=&#8221;on|phone&#8221; disabled_on=&#8221;on|off|off&#8221; admin_label=&#8221;Fullwidth Header&#8221; module_id=&#8221;topText&#8221; module_class=&#8221;heroTitle&#8221; _builder_version=&#8221;4.27.4&#8243; _module_preset=&#8221;default&#8221; title_font=&#8221;|700|||||||&#8221; title_font_size=&#8221;3.9vw&#8221; content_font_size=&#8221;15px&#8221; subhead_font=&#8221;|300|||||||&#8221; subhead_font_size=&#8221;17px&#8221; subhead_line_height=&#8221;1.7em&#8221; background_enable_color=&#8221;off&#8221; background_enable_image=&#8221;off&#8221; transform_scale_tablet=&#8221;&#8221; transform_scale_phone=&#8221;&#8221; transform_scale_last_edited=&#8221;on|phone&#8221; transform_translate=&#8221;0px|10vh&#8221; transform_translate_tablet=&#8221;0px|-30px&#8221; transform_translate_phone=&#8221;0px|-8vh&#8221; transform_translate_last_edited=&#8221;on|tablet&#8221; transform_translate_linked=&#8221;off&#8221; transform_rotate_tablet=&#8221;&#8221; transform_rotate_phone=&#8221;&#8221; transform_rotate_last_edited=&#8221;on|phone&#8221; transform_skew_tablet=&#8221;&#8221; transform_skew_phone=&#8221;&#8221; transform_skew_last_edited=&#8221;on|phone&#8221; transform_origin_tablet=&#8221;&#8221; transform_origin_phone=&#8221;&#8221; transform_origin_last_edited=&#8221;on|phone&#8221; vertical_offset=&#8221;50px&#8221; min_height_tablet=&#8221;&#8221; min_height_phone=&#8221;&#8221; min_height_last_edited=&#8221;on|phone&#8221; custom_margin=&#8221;||19px|||&#8221; custom_padding=&#8221;60px||0px||false|false&#8221; custom_padding_tablet=&#8221;60px||0px||false|false&#8221; custom_padding_phone=&#8221;65px||0px||false|false&#8221; custom_padding_last_edited=&#8221;on|desktop&#8221; title_font_size_tablet=&#8221;4.75vw&#8221; title_font_size_phone=&#8221;5vw&#8221; title_font_size_last_edited=&#8221;on|phone&#8221; border_width_all=&#8221;0px&#8221; text_shadow_style=&#8221;preset5&#8243; global_colors_info=&#8221;{}&#8221; min_height__hover_enabled=&#8221;on|desktop&#8221;]For any inquiries, please contact us by phone, <br \/>email or via the contact form below.[\/et_pb_fullwidth_header][\/et_pb_section][et_pb_section fb_built=&#8221;1&#8243; disabled_on=&#8221;off|on|on&#8221; module_class=&#8221;mobile-section&#8221; _builder_version=&#8221;4.27.4&#8243; _module_preset=&#8221;default&#8221; background_color=&#8221;#aaaaaa&#8221; custom_padding=&#8221;||0px||false|false&#8221; custom_css_free_form=&#8221;.mobile-section {||  display: none !important; \/* Hide the section by default *\/||}||||@media (max-width: 768px) {||  .mobile-section {||    display: block !important; \/* Show the section only on mobile devices *\/||  }||}||&#8221; locked=&#8221;off&#8221; global_colors_info=&#8221;{}&#8221;][et_pb_row column_structure=&#8221;1_2,1_2&#8243; _builder_version=&#8221;4.27.4&#8243; _module_preset=&#8221;default&#8221; global_colors_info=&#8221;{}&#8221;][et_pb_column type=&#8221;1_2&#8243; admin_label=&#8221;Column&#8221; _builder_version=&#8221;4.27.4&#8243; _module_preset=&#8221;default&#8221; global_colors_info=&#8221;{}&#8221;][et_pb_text admin_label=&#8221;Text&#8221; _builder_version=&#8221;4.27.4&#8243; _module_preset=&#8221;default&#8221; header_text_color=&#8221;#FFFFFF&#8221; header_font_size=&#8221;26px&#8221; header_text_shadow_style=&#8221;preset4&#8243; global_colors_info=&#8221;{}&#8221;]<\/p>\n<h1 class=\"et_pb_module_header\">Contactez-nous<\/h1>\n<p>[\/et_pb_text][et_pb_text content_tablet=&#8221;<\/p>\n<h1 class=\"%22et_pb_module_header\" et-fb-editable-element et-fb-editable-element__editing%22 data-shortcode-id=\"%220.0-1750053818386%22\" data-quickaccess-id=\"%22title%22\" contenteditable=\"%22true%22\">Les t\u00e9lescopes chirurgicaux standard Xenosys offrent un champ de vision large et net avec une profondeur de champ exceptionnelle pour une pr\u00e9cision et une clart\u00e9 am\u00e9lior\u00e9es<\/h1>\n<p>&#8221; content_phone=&#8221;<\/p>\n<p class=\"%22et_pb_module_header\" et-fb-editable-element et-fb-editable-element__editing%22 data-shortcode-id=\"%220.0-1750053818386%22\" data-quickaccess-id=\"%22title%22\" contenteditable=\"%22true%22\"><span>Pour toute demande de renseignements, veuillez nous contacter par t\u00e9l\u00e9phone, par email ou via le formulaire de contact ci-dessous.<\/span><\/p>\n<p>&#8221; content_last_edited=&#8221;on|phone&#8221; _builder_version=&#8221;4.27.4&#8243; _module_preset=&#8221;default&#8221; text_font=&#8221;|300|||||||&#8221; text_text_color=&#8221;#FFFFFF&#8221; text_font_size=&#8221;17px&#8221; text_letter_spacing=&#8221;1px&#8221; header_font=&#8221;|300|||||||&#8221; text_text_shadow_style=&#8221;preset5&#8243; global_colors_info=&#8221;{}&#8221;]<\/p>\n<h1 class=\"et_pb_module_header et-fb-editable-element et-fb-editable-element__editing\" data-shortcode-id=\"0.0-1750053818386\" data-quickaccess-id=\"title\" contenteditable=\"true\">Les t\u00e9lescopes chirurgicaux standard Xenosys offrent un champ de vision large et net avec une profondeur de champ exceptionnelle pour une pr\u00e9cision et une clart\u00e9 am\u00e9lior\u00e9es<\/h1>\n<p>[\/et_pb_text][\/et_pb_column][et_pb_column type=&#8221;1_2&#8243; admin_label=&#8221;Column&#8221; _builder_version=&#8221;4.27.4&#8243; _module_preset=&#8221;default&#8221; custom_padding=&#8221;||0px||false|false&#8221; custom_padding_tablet=&#8221;||0px||false|false&#8221; custom_padding_phone=&#8221;||0px||false|false&#8221; custom_padding_last_edited=&#8221;on|phone&#8221; global_colors_info=&#8221;{}&#8221;][et_pb_image src=&#8221;https:\/\/force3medical.com\/wp-content\/uploads\/2025\/06\/Fabrique\u0301-parManufactured-by-13-e1749838526764.png&#8221; title_text=&#8221;contactpageBG_mobilee-removebg-preview&#8221; show_bottom_space=&#8221;off&#8221; src_tablet=&#8221;https:\/\/force3medical.com\/wp-content\/uploads\/2025\/06\/Fabrique\u0301-parManufactured-by-13-e1749838526764.png&#8221; src_phone=&#8221;https:\/\/force3medical.com\/wp-content\/uploads\/2025\/05\/contactpageBG_mobilee-removebg-preview.png&#8221; src_last_edited=&#8221;on|phone&#8221; _builder_version=&#8221;4.27.4&#8243; _module_preset=&#8221;default&#8221; custom_padding=&#8221;||0px||false|false&#8221; global_colors_info=&#8221;{}&#8221;][\/et_pb_image][\/et_pb_column][\/et_pb_row][\/et_pb_section][et_pb_section fb_built=&#8221;1&#8243; fullwidth=&#8221;on&#8221; disabled_on=&#8221;on|on|on&#8221; admin_label=&#8221;Section&#8221; _builder_version=&#8221;4.27.4&#8243; _module_preset=&#8221;default&#8221; disabled=&#8221;on&#8221; locked=&#8221;off&#8221; global_colors_info=&#8221;{}&#8221;][et_pb_fullwidth_image src=&#8221;https:\/\/force3medical.com\/wp-content\/uploads\/2025\/06\/1-2-e1751224905832.png&#8221; title_text=&#8221;1&#8243; _builder_version=&#8221;4.27.4&#8243; _module_preset=&#8221;default&#8221; width=&#8221;170px&#8221; width_tablet=&#8221;140px&#8221; width_phone=&#8221;100px&#8221; width_last_edited=&#8221;on|phone&#8221; module_alignment=&#8221;right&#8221; custom_margin=&#8221;0px||||false|false&#8221; custom_padding=&#8221;15px|10px||0px|false|false&#8221; global_colors_info=&#8221;{}&#8221;][\/et_pb_fullwidth_image][\/et_pb_section][et_pb_section fb_built=&#8221;1&#8243; _builder_version=&#8221;4.27.4&#8243; _module_preset=&#8221;default&#8221; background_color=&#8221;#FFFFFF&#8221; global_colors_info=&#8221;{}&#8221;][et_pb_row column_structure=&#8221;1_3,1_3,1_3&#8243; _builder_version=&#8221;4.27.4&#8243; _module_preset=&#8221;default&#8221; module_alignment=&#8221;center&#8221; global_colors_info=&#8221;{}&#8221;][et_pb_column type=&#8221;1_3&#8243; _builder_version=&#8221;4.27.4&#8243; _module_preset=&#8221;default&#8221; global_colors_info=&#8221;{}&#8221;][et_pb_text _builder_version=&#8221;4.18.0&#8243; _module_preset=&#8221;default&#8221; text_font=&#8221;|300|||||||&#8221; text_line_height=&#8221;1.3em&#8221; header_3_font=&#8221;||||||||&#8221; header_3_text_color=&#8221;#343434&#8243; global_colors_info=&#8221;{}&#8221;]<\/p>\n<h3><span>Contactez-nous directement<\/span><\/h3>\n<p>Force 3 M\u00e9dical Inc.<br \/>130, cercle Handfield<br \/>Dorval, QC H9S 3V2<\/p>\n<p>[\/et_pb_text][\/et_pb_column][et_pb_column type=&#8221;1_3&#8243; _builder_version=&#8221;4.18.0&#8243; _module_preset=&#8221;default&#8221; global_colors_info=&#8221;{}&#8221;][et_pb_text _builder_version=&#8221;4.18.0&#8243; _module_preset=&#8221;default&#8221; link_text_color=&#8221;#343434&#8243; custom_css_main_element=&#8221;img{||  padding-right:50px;||  margin-right:50px;||}&#8221; global_colors_info=&#8221;{}&#8221;]<\/p>\n<p><a href=\"tel:5146944464\" title=\"Call Us!\">514.694.4464<\/a><br \/><a href=\"mailto:force3@force3medical.ca\" title=\"Email Us\">force3@force3medical.ca<\/a><\/p>\n<p>[\/et_pb_text][\/et_pb_column][et_pb_column type=&#8221;1_3&#8243; _builder_version=&#8221;4.18.0&#8243; _module_preset=&#8221;default&#8221; global_colors_info=&#8221;{}&#8221;][\/et_pb_column][\/et_pb_row][et_pb_row column_structure=&#8221;1_3,1_3,1_3&#8243; _builder_version=&#8221;4.27.4&#8243; _module_preset=&#8221;default&#8221; module_alignment=&#8221;center&#8221; global_colors_info=&#8221;{}&#8221;][et_pb_column type=&#8221;1_3&#8243; _builder_version=&#8221;4.27.4&#8243; _module_preset=&#8221;default&#8221; global_colors_info=&#8221;{}&#8221;][et_pb_text _builder_version=&#8221;4.27.4&#8243; _module_preset=&#8221;default&#8221; width=&#8221;84.2%&#8221; custom_padding=&#8221;|32px||||&#8221; global_colors_info=&#8221;{}&#8221;]<\/p>\n<h5>Youri Pommepuy<\/h5>\n<p><i>Pr\u00e9sident<\/i><br \/><a href=\"mailto:yp@force3medical.ca\">yp@force3medical.ca<\/a><\/p>\n<div class=\"numerolarge\"><a href=\"tel:5149931699\">514-993-1699<\/a><\/div>\n<p>[\/et_pb_text][\/et_pb_column][et_pb_column type=&#8221;1_3&#8243; _builder_version=&#8221;4.18.0&#8243; _module_preset=&#8221;default&#8221; global_colors_info=&#8221;{}&#8221;][et_pb_text _builder_version=&#8221;4.18.0&#8243; _module_preset=&#8221;default&#8221; width=&#8221;100%&#8221; global_colors_info=&#8221;{}&#8221;]<\/p>\n<h5>Lara Valerio<\/h5>\n<p>Gestionnaire de bureau\/Service \u00e0 la client\u00e8le<br \/><a href=\"mailto: lara@force3medical.ca\">lara@force3medical.ca<\/a><\/p>\n<p>[\/et_pb_text][\/et_pb_column][et_pb_column type=&#8221;1_3&#8243; _builder_version=&#8221;4.18.0&#8243; _module_preset=&#8221;default&#8221; global_colors_info=&#8221;{}&#8221;][\/et_pb_column][\/et_pb_row][et_pb_row _builder_version=&#8221;4.27.4&#8243; _module_preset=&#8221;default&#8221; global_colors_info=&#8221;{}&#8221;][et_pb_column type=&#8221;4_4&#8243; _builder_version=&#8221;4.18.0&#8243; _module_preset=&#8221;default&#8221; global_colors_info=&#8221;{}&#8221;][et_pb_contact_form captcha=&#8221;off&#8221; email=&#8221;force3@force3medical.ca&#8221; title=&#8221;Email us directly&#8221; success_message=&#8221;Thanks for contacting us&#8221; submit_button_text=&#8221;Submit&#8221; module_class=&#8221;customContactButton&#8221; _builder_version=&#8221;4.27.4&#8243; _module_preset=&#8221;default&#8221; _unique_id=&#8221;a2519328-23e8-43eb-8ba1-a929fcf20988&#8243; form_field_background_color=&#8221;RGBA(255,255,255,0)&#8221; background_color=&#8221;RGBA(255,255,255,0)&#8221; custom_button=&#8221;on&#8221; button_text_size=&#8221;14px&#8221; button_text_color=&#8221;#FFFFFF&#8221; button_bg_color=&#8221;#7f7f7f&#8221; button_border_color=&#8221;RGBA(255,255,255,0)&#8221; button_border_radius=&#8221;0px&#8221; button_font=&#8221;|||on|||||&#8221; button_use_icon=&#8221;off&#8221; border_width_bottom=&#8221;1px&#8221; global_colors_info=&#8221;{}&#8221;][et_pb_contact_field field_id=&#8221;Name&#8221; field_title=&#8221;Name&#8221; _builder_version=&#8221;4.27.4&#8243; global_colors_info=&#8221;{}&#8221; button_text_size__hover_enabled=&#8221;off&#8221; button_one_text_size__hover_enabled=&#8221;off&#8221; button_two_text_size__hover_enabled=&#8221;off&#8221; button_text_color__hover_enabled=&#8221;off&#8221; button_one_text_color__hover_enabled=&#8221;off&#8221; button_two_text_color__hover_enabled=&#8221;off&#8221; button_border_width__hover_enabled=&#8221;off&#8221; button_one_border_width__hover_enabled=&#8221;off&#8221; button_two_border_width__hover_enabled=&#8221;off&#8221; button_border_color__hover_enabled=&#8221;off&#8221; button_one_border_color__hover_enabled=&#8221;off&#8221; button_two_border_color__hover_enabled=&#8221;off&#8221; button_border_radius__hover_enabled=&#8221;off&#8221; button_one_border_radius__hover_enabled=&#8221;off&#8221; button_two_border_radius__hover_enabled=&#8221;off&#8221; button_letter_spacing__hover_enabled=&#8221;off&#8221; button_one_letter_spacing__hover_enabled=&#8221;off&#8221; button_two_letter_spacing__hover_enabled=&#8221;off&#8221; button_bg_color__hover_enabled=&#8221;off&#8221; button_one_bg_color__hover_enabled=&#8221;off&#8221; button_two_bg_color__hover_enabled=&#8221;off&#8221;][\/et_pb_contact_field][et_pb_contact_field field_id=&#8221;Email&#8221; field_title=&#8221;Email Address&#8221; field_type=&#8221;email&#8221; _builder_version=&#8221;4.16&#8243; global_colors_info=&#8221;{}&#8221; button_text_size__hover_enabled=&#8221;off&#8221; button_one_text_size__hover_enabled=&#8221;off&#8221; button_two_text_size__hover_enabled=&#8221;off&#8221; button_text_color__hover_enabled=&#8221;off&#8221; button_one_text_color__hover_enabled=&#8221;off&#8221; button_two_text_color__hover_enabled=&#8221;off&#8221; button_border_width__hover_enabled=&#8221;off&#8221; button_one_border_width__hover_enabled=&#8221;off&#8221; button_two_border_width__hover_enabled=&#8221;off&#8221; button_border_color__hover_enabled=&#8221;off&#8221; button_one_border_color__hover_enabled=&#8221;off&#8221; button_two_border_color__hover_enabled=&#8221;off&#8221; button_border_radius__hover_enabled=&#8221;off&#8221; button_one_border_radius__hover_enabled=&#8221;off&#8221; button_two_border_radius__hover_enabled=&#8221;off&#8221; button_letter_spacing__hover_enabled=&#8221;off&#8221; button_one_letter_spacing__hover_enabled=&#8221;off&#8221; button_two_letter_spacing__hover_enabled=&#8221;off&#8221; button_bg_color__hover_enabled=&#8221;off&#8221; button_one_bg_color__hover_enabled=&#8221;off&#8221; button_two_bg_color__hover_enabled=&#8221;off&#8221;][\/et_pb_contact_field][et_pb_contact_field field_id=&#8221;Message&#8221; field_title=&#8221;Please specify your inquiry&#8221; field_type=&#8221;text&#8221; fullwidth_field=&#8221;on&#8221; _builder_version=&#8221;4.27.4&#8243; global_colors_info=&#8221;{}&#8221; button_text_size__hover_enabled=&#8221;off&#8221; button_one_text_size__hover_enabled=&#8221;off&#8221; button_two_text_size__hover_enabled=&#8221;off&#8221; button_text_color__hover_enabled=&#8221;off&#8221; button_one_text_color__hover_enabled=&#8221;off&#8221; button_two_text_color__hover_enabled=&#8221;off&#8221; button_border_width__hover_enabled=&#8221;off&#8221; button_one_border_width__hover_enabled=&#8221;off&#8221; button_two_border_width__hover_enabled=&#8221;off&#8221; button_border_color__hover_enabled=&#8221;off&#8221; button_one_border_color__hover_enabled=&#8221;off&#8221; button_two_border_color__hover_enabled=&#8221;off&#8221; button_border_radius__hover_enabled=&#8221;off&#8221; button_one_border_radius__hover_enabled=&#8221;off&#8221; button_two_border_radius__hover_enabled=&#8221;off&#8221; button_letter_spacing__hover_enabled=&#8221;off&#8221; button_one_letter_spacing__hover_enabled=&#8221;off&#8221; button_two_letter_spacing__hover_enabled=&#8221;off&#8221; button_bg_color__hover_enabled=&#8221;off&#8221; button_one_bg_color__hover_enabled=&#8221;off&#8221; button_two_bg_color__hover_enabled=&#8221;off&#8221;][\/et_pb_contact_field][\/et_pb_contact_form][\/et_pb_column][\/et_pb_row][\/et_pb_section][et_pb_section fb_built=&#8221;1&#8243; fullwidth=&#8221;on&#8221; _builder_version=&#8221;4.18.0&#8243; _module_preset=&#8221;default&#8221; global_colors_info=&#8221;{}&#8221;][et_pb_fullwidth_image src=&#8221;https:\/\/force3medical.com\/wp-content\/uploads\/2022\/09\/location_map.png&#8221; title_text=&#8221;location_map_mobile&#8221; url=&#8221;https:\/\/www.google.com\/maps\/place\/130+Handfield+Cir,+Dorval,+QC+H9S+3V2\/data=!4m2!3m1!1s0x4cc91615e71606a1:0xb85c279e2c49371c?sa=X&#038;ved=2ahUKEwiOgJSYnMT6AhVuk4kEHenXChsQ8gF6BAgVEAE&#8221; src_tablet=&#8221;https:\/\/force3medical.com\/wp-content\/uploads\/2022\/09\/location_map.png&#8221; src_phone=&#8221;https:\/\/force3medical.com\/wp-content\/uploads\/2022\/10\/location_map_mobile.jpg&#8221; src_last_edited=&#8221;on|phone&#8221; _builder_version=&#8221;4.18.0&#8243; _module_preset=&#8221;default&#8221; global_colors_info=&#8221;{}&#8221;][\/et_pb_fullwidth_image][\/et_pb_section]<\/p>","protected":false},"excerpt":{"rendered":"<p>For any inquiries, please contact us by phone, email or via the contact form below.Contact UsXenosys standard surgical telescopes deliver a wide, sharp field of view with outstanding depth of field for enhanced precision and clarityContact us directly Force 3 Medical Inc.130 Handfield CircleDorval, QC H9S 3V2514.694.4464force3@force3medical.caYouri Pommepuy Presidentyp@force3medical.ca 514-993-1699Lara Valerio Office Manager \/ Customer [&hellip;]<\/p>","protected":false},"author":4,"featured_media":0,"parent":0,"menu_order":0,"comment_status":"closed","ping_status":"closed","template":"","meta":{"_et_pb_use_builder":"on","_et_pb_old_content":"","_et_gb_content_width":"","footnotes":""},"difl_page_category":[],"class_list":["post-2060","page","type-page","status-publish","hentry"],"_links":{"self":[{"href":"https:\/\/force3medical.com\/fr\/wp-json\/wp\/v2\/pages\/2060","targetHints":{"allow":["GET"]}}],"collection":[{"href":"https:\/\/force3medical.com\/fr\/wp-json\/wp\/v2\/pages"}],"about":[{"href":"https:\/\/force3medical.com\/fr\/wp-json\/wp\/v2\/types\/page"}],"author":[{"embeddable":true,"href":"https:\/\/force3medical.com\/fr\/wp-json\/wp\/v2\/users\/4"}],"replies":[{"embeddable":true,"href":"https:\/\/force3medical.com\/fr\/wp-json\/wp\/v2\/comments?post=2060"}],"version-history":[{"count":27,"href":"https:\/\/force3medical.com\/fr\/wp-json\/wp\/v2\/pages\/2060\/revisions"}],"predecessor-version":[{"id":2939,"href":"https:\/\/force3medical.com\/fr\/wp-json\/wp\/v2\/pages\/2060\/revisions\/2939"}],"wp:attachment":[{"href":"https:\/\/force3medical.com\/fr\/wp-json\/wp\/v2\/media?parent=2060"}],"wp:term":[{"taxonomy":"difl_page_category","embeddable":true,"href":"https:\/\/force3medical.com\/fr\/wp-json\/wp\/v2\/difl_page_category?post=2060"}],"curies":[{"name":"wp","href":"https:\/\/api.w.org\/{rel}","templated":true}]}}