{"id":1854,"date":"2025-05-25T21:04:31","date_gmt":"2025-05-25T21:04:31","guid":{"rendered":"https:\/\/force3medical.com\/?page_id=1854"},"modified":"2026-03-13T21:59:09","modified_gmt":"2026-03-13T21:59:09","slug":"home","status":"publish","type":"page","link":"https:\/\/force3medical.com\/fr\/","title":{"rendered":"Home"},"content":{"rendered":"<p>[et_pb_section fb_built=&#8221;1&#8243; fullwidth=&#8221;on&#8221; admin_label=&#8221;Section&#8221; _builder_version=&#8221;4.27.4&#8243; _module_preset=&#8221;default&#8221; min_height_tablet=&#8221;&#8221; min_height_phone=&#8221;&#8221; min_height_last_edited=&#8221;on|desktop&#8221; height_tablet=&#8221;&#8221; height_phone=&#8221;80vh&#8221; height_last_edited=&#8221;on|desktop&#8221; hover_enabled=&#8221;0&#8243; locked=&#8221;off&#8221; global_colors_info=&#8221;{}&#8221; sticky_enabled=&#8221;0&#8243;][et_pb_fullwidth_slider arrows_custom_color=&#8221;RGBA(255,255,255,0)&#8221; admin_label=&#8221;Fullwidth Slider&#8221; _builder_version=&#8221;4.27.4&#8243; _module_preset=&#8221;default&#8221; header_level=&#8221;h1&#8243; header_font_size=&#8221;3.9vw&#8221; background_color=&#8221;#aaaaaa&#8221; background_image=&#8221;https:\/\/force3medical.com\/wp-content\/uploads\/2025\/06\/Fabrique-parManufactured-by-e1750358232114.png&#8221; background_size=&#8221;cover&#8221; height=&#8221;70vh&#8221; height_tablet=&#8221;&#8221; height_phone=&#8221;80vh&#8221; height_last_edited=&#8221;on|phone&#8221; custom_margin=&#8221;0px|||0px|false|false&#8221; custom_padding=&#8221;1px|0px|0px||false|false&#8221; custom_padding_tablet=&#8221;1px|0px|0px||false|false&#8221; custom_padding_phone=&#8221;50px|0px|0px||false|false&#8221; custom_padding_last_edited=&#8221;on|phone&#8221; animation_style=&#8221;fade&#8221; animation_duration=&#8221;4000ms&#8221; animation_speed_curve=&#8221;ease&#8221; auto=&#8221;on&#8221; auto_speed=&#8221;9000&#8243; hover_transition_duration=&#8221;0ms&#8221; hover_enabled=&#8221;0&#8243; header_font_size_tablet=&#8221;&#8221; header_font_size_phone=&#8221;7vw&#8221; header_font_size_last_edited=&#8221;on|phone&#8221; background_last_edited=&#8221;on|phone&#8221; background_size_phone=&#8221;contain&#8221; background_image_width_phone=&#8221;23%&#8221; background_image_height_phone=&#8221;30%&#8221; background_position_phone=&#8221;bottom_center&#8221; background_vertical_offset_phone=&#8221;0%&#8221; animation_delay_tablet=&#8221;&#8221; animation_delay_phone=&#8221;&#8221; animation_delay_last_edited=&#8221;on|desktop&#8221; custom_css_before=&#8221;height: 90vh;&#8221; custom_css_free_form=&#8221;.et_pb_slide_content, .et_pb_best_value {||    margin-top: 30px !important;||}||@media (max-width: 767px) {||  .et_pb_slide_content,||  .et_pb_best_value {||    margin-top: 10px !important;||  }||}||&#8221; global_colors_info=&#8221;{}&#8221; sticky_enabled=&#8221;0&#8243;][et_pb_slide heading=&#8221;POSTURE IS <br \/> PRIORITY&#8221; alignment=&#8221;bottom&#8221; _builder_version=&#8221;4.27.4&#8243; _module_preset=&#8221;default&#8221; header_font=&#8221;|700|||||||&#8221; body_font_size=&#8221;18px&#8221; background_image=&#8221;https:\/\/force3medical.com\/wp-content\/uploads\/2026\/03\/4.png&#8221; background_enable_image=&#8221;on&#8221; background_size=&#8221;contain&#8221; background_position=&#8221;bottom_right&#8221; text_orientation=&#8221;left&#8221; width=&#8221;100%&#8221; max_width=&#8221;100%&#8221; custom_padding=&#8221;|||0px|false|false&#8221; hover_enabled=&#8221;0&#8243; background_last_edited=&#8221;on|phone&#8221; background_size_phone=&#8221;custom&#8221; background_image_width_phone=&#8221;80%&#8221; background_image_height_phone=&#8221;52%&#8221; background_position_phone=&#8221;bottom_center&#8221; global_colors_info=&#8221;{}&#8221; sticky_transition=&#8221;on&#8221; title_text=&#8221;4&#8243; sticky_enabled=&#8221;0&#8243;]<\/p>\n<p><strong>Les t\u00e9lescopes Xenosys ERGOnomic r\u00e9duisent le besoin de flexion excessive du cou lors d'une utilisation prolong\u00e9e.<br \/><\/strong><strong>Une solution id\u00e9ale pour am\u00e9liorer le confort et la posture lors des interventions chirurgicales et dentaires.<\/strong><\/p>\n<p>[\/et_pb_slide][et_pb_slide heading=&#8221;PRECISION IS <br \/> ESSENTIAL&#8221; alignment=&#8221;bottom&#8221; _builder_version=&#8221;4.27.4&#8243; _module_preset=&#8221;default&#8221; header_font=&#8221;|700|||||||&#8221; body_font_size=&#8221;18px&#8221; background_enable_image=&#8221;on&#8221; background_size=&#8221;contain&#8221; text_orientation=&#8221;left&#8221; custom_padding=&#8221;|||0px|false|false&#8221; hover_enabled=&#8221;0&#8243; global_colors_info=&#8221;{}&#8221; sticky_transition=&#8221;on&#8221; title_text=&#8221;1&#8243; background_image=&#8221;https:\/\/force3medical.com\/wp-content\/uploads\/2026\/03\/1.png&#8221; sticky_enabled=&#8221;0&#8243;]<\/p>\n<p><strong>Les t\u00e9lescopes chirurgicaux standard Xenosys offrent une vision large et<br \/><\/strong><strong>champ de vision net avec une profondeur de champ exceptionnelle pour une pr\u00e9cision et une clart\u00e9 am\u00e9lior\u00e9es.<\/strong><\/p>\n<p>[\/et_pb_slide][et_pb_slide heading=&#8221;THE SMALLEST <br \/> DETAILS REVEALED&#8221; alignment=&#8221;bottom&#8221; _builder_version=&#8221;4.27.4&#8243; _module_preset=&#8221;default&#8221; header_font=&#8221;|700|||||||&#8221; body_font_size=&#8221;18px&#8221; background_enable_image=&#8221;on&#8221; background_size=&#8221;contain&#8221; background_position=&#8221;center_right&#8221; text_orientation=&#8221;left&#8221; custom_padding=&#8221;||0px|0px|false|false&#8221; hover_enabled=&#8221;0&#8243; background_last_edited=&#8221;on|phone&#8221; background_image_phone=&#8221;https:\/\/force3medical.com\/wp-content\/uploads\/2025\/06\/3-1.png&#8221; background_enable_image_phone=&#8221;on&#8221; background_size_phone=&#8221;custom&#8221; background_image_width_phone=&#8221;100%&#8221; background_image_height_phone=&#8221;50%&#8221; background_position_phone=&#8221;bottom_center&#8221; global_colors_info=&#8221;{}&#8221; sticky_transition=&#8221;on&#8221; title_text=&#8221;3&#8243; background_image=&#8221;https:\/\/force3medical.com\/wp-content\/uploads\/2026\/03\/3.png&#8221; sticky_enabled=&#8221;0&#8243;]<\/p>\n<p><strong>B\u00e9n\u00e9ficiez d\u2019une luminosit\u00e9 et d\u2019une uniformit\u00e9 sup\u00e9rieures avec les phares \u00e0 LED Xenosys.<br \/><\/strong><strong>Disponible en trois mod\u00e8les : L2SX5, XD et le L2SW sans fil.<br \/>L\u00e9gers, portables et con\u00e7us pour le confort, ces phares<br \/>sont le m\u00e9lange parfait de performance et de commodit\u00e9.<\/strong><\/p>\n<p>[\/et_pb_slide][et_pb_slide heading=&#8221;SHARE YOUR <br \/> EXPERTISE&#8221; alignment=&#8221;bottom&#8221; _builder_version=&#8221;4.27.4&#8243; _module_preset=&#8221;default&#8221; header_font=&#8221;|700|||||||&#8221; body_font_size=&#8221;18px&#8221; background_enable_image=&#8221;on&#8221; background_size=&#8221;contain&#8221; background_position=&#8221;center_right&#8221; text_orientation=&#8221;left&#8221; custom_padding=&#8221;|||0px|false|false&#8221; hover_enabled=&#8221;0&#8243; global_colors_info=&#8221;{}&#8221; sticky_transition=&#8221;on&#8221; title_text=&#8221;2&#8243; background_image=&#8221;https:\/\/force3medical.com\/wp-content\/uploads\/2026\/03\/2.png&#8221; sticky_enabled=&#8221;0&#8243;]<\/p>\n<p><strong>Affichez, capturez et partagez les connaissances op\u00e9ratoires du chirurgien.<\/strong><\/p>\n<p>[\/et_pb_slide][et_pb_slide heading=&#8221;Protect. Recover. Save.&#8221; alignment=&#8221;bottom&#8221; _builder_version=&#8221;4.27.4&#8243; _module_preset=&#8221;default&#8221; header_font=&#8221;|700|||||||&#8221; body_font_size=&#8221;18px&#8221; background_enable_image=&#8221;on&#8221; background_size=&#8221;contain&#8221; background_position=&#8221;center_right&#8221; text_orientation=&#8221;left&#8221; custom_padding=&#8221;|||0px|false|false&#8221; hover_enabled=&#8221;0&#8243; global_colors_info=&#8221;{}&#8221; sticky_transition=&#8221;on&#8221; title_text=&#8221;7&#8243; background_image=&#8221;https:\/\/force3medical.com\/wp-content\/uploads\/2026\/03\/7.png&#8221; sticky_enabled=&#8221;0&#8243;]<\/p>\n<p><strong>Le choix intelligent pour une meilleure cicatrisation sternale apr\u00e8s une chirurgie cardiaque.<\/strong><\/p>\n<p>[\/et_pb_slide][\/et_pb_fullwidth_slider][\/et_pb_section][et_pb_section fb_built=&#8221;1&#8243; _builder_version=&#8221;4.27.4&#8243; _module_preset=&#8221;default&#8221; transform_scale_tablet=&#8221;&#8221; transform_scale_phone=&#8221;&#8221; transform_scale_last_edited=&#8221;on|phone&#8221; transform_translate_tablet=&#8221;&#8221; transform_translate_phone=&#8221;&#8221; transform_translate_last_edited=&#8221;on|desktop&#8221; transform_rotate_tablet=&#8221;&#8221; transform_rotate_phone=&#8221;&#8221; transform_rotate_last_edited=&#8221;on|desktop&#8221; transform_skew_tablet=&#8221;&#8221; transform_skew_phone=&#8221;&#8221; transform_skew_last_edited=&#8221;on|desktop&#8221; transform_origin_tablet=&#8221;&#8221; transform_origin_phone=&#8221;&#8221; transform_origin_last_edited=&#8221;on|desktop&#8221; transform_styles_last_edited=&#8221;on|phone&#8221; custom_padding=&#8221;0px||1px|||&#8221; background_last_edited=&#8221;on|phone&#8221; transform_styles_tablet=&#8221;&#8221; transform_styles_phone=&#8221;&#8221; global_colors_info=&#8221;{}&#8221;][et_pb_row disabled_on=&#8221;on|on|on&#8221; _builder_version=&#8221;4.27.4&#8243; _module_preset=&#8221;default&#8221; module_alignment=&#8221;right&#8221; custom_margin=&#8221;||||false|false&#8221; custom_padding=&#8221;|10px|||false|false&#8221; disabled=&#8221;on&#8221; global_colors_info=&#8221;{}&#8221;][et_pb_column type=&#8221;4_4&#8243; _builder_version=&#8221;4.27.4&#8243; _module_preset=&#8221;default&#8221; global_colors_info=&#8221;{}&#8221;][et_pb_text _builder_version=&#8221;4.27.4&#8243; _module_preset=&#8221;default&#8221; text_font=&#8221;||||||||&#8221; text_font_size=&#8221;10px&#8221; text_orientation=&#8221;right&#8221; custom_margin=&#8221;||-4px|||&#8221; custom_padding=&#8221;||0px|||&#8221; global_colors_info=&#8221;{}&#8221;]<\/p>\n<p>FABRIQU\u00c9 PAR\u200e \u200e \u200e \u200e\u200e \u200e \u200e\u200e \u200e\u200e \u200e\u200e \u200e \u200e\u200e \u200e  \u200e \u200e\u200e \u200e \u200e\u200e \u200e\u200e \u200e \u200e \u200e \u200e \u200e \u200e \u200e<\/p>\n<p>[\/et_pb_text][et_pb_image src=&#8221;https:\/\/force3medical.com\/wp-content\/uploads\/2025\/06\/Fabrique\u0301-parManufactured-by-2-e1751486743150.png&#8221; title_text=&#8221;Fabrique\u0301 parManufactured by (2)&#8221; align=&#8221;right&#8221; src_tablet=&#8221;https:\/\/force3medical.com\/wp-content\/uploads\/2025\/06\/Fabrique\u0301-parManufactured-by-2-e1751486743150.png&#8221; src_phone=&#8221;https:\/\/force3medical.com\/wp-content\/uploads\/2025\/06\/Fabrique\u0301-parManufactured-by-2-e1751486743150.png&#8221; src_last_edited=&#8221;on|phone&#8221; _builder_version=&#8221;4.27.4&#8243; _module_preset=&#8221;default&#8221; width=&#8221;13%&#8221; max_width=&#8221;64%&#8221; global_colors_info=&#8221;{}&#8221;][\/et_pb_image][\/et_pb_column][\/et_pb_row][\/et_pb_section]<\/p>","protected":false},"excerpt":{"rendered":"<p>Xenosys ERGOnomic telescopes reduce the need for excessive neck bending during extended use.An ideal solution for improved comfort and posture during surgical and dental procedures.Xenosys standard surgical telescopes deliver a wide,sharp field of view with outstanding depth of field for enhanced precision and clarity.Experience superior brightness and uniformity with Xenosys LED headlights.Available in three models: [&hellip;]<\/p>","protected":false},"author":4,"featured_media":0,"parent":0,"menu_order":0,"comment_status":"closed","ping_status":"closed","template":"","meta":{"_et_pb_use_builder":"on","_et_pb_old_content":"<p>This is the home page In French<\/p><p>\u00a0<\/p><p>THIS CONTENT WILL BE CHANGED WHEN LANGUAGE SWITCHER IS CHANGED<\/p>","_et_gb_content_width":"","footnotes":""},"difl_page_category":[],"class_list":["post-1854","page","type-page","status-publish","hentry"],"_links":{"self":[{"href":"https:\/\/force3medical.com\/fr\/wp-json\/wp\/v2\/pages\/1854","targetHints":{"allow":["GET"]}}],"collection":[{"href":"https:\/\/force3medical.com\/fr\/wp-json\/wp\/v2\/pages"}],"about":[{"href":"https:\/\/force3medical.com\/fr\/wp-json\/wp\/v2\/types\/page"}],"author":[{"embeddable":true,"href":"https:\/\/force3medical.com\/fr\/wp-json\/wp\/v2\/users\/4"}],"replies":[{"embeddable":true,"href":"https:\/\/force3medical.com\/fr\/wp-json\/wp\/v2\/comments?post=1854"}],"version-history":[{"count":170,"href":"https:\/\/force3medical.com\/fr\/wp-json\/wp\/v2\/pages\/1854\/revisions"}],"predecessor-version":[{"id":3145,"href":"https:\/\/force3medical.com\/fr\/wp-json\/wp\/v2\/pages\/1854\/revisions\/3145"}],"wp:attachment":[{"href":"https:\/\/force3medical.com\/fr\/wp-json\/wp\/v2\/media?parent=1854"}],"wp:term":[{"taxonomy":"difl_page_category","embeddable":true,"href":"https:\/\/force3medical.com\/fr\/wp-json\/wp\/v2\/difl_page_category?post=1854"}],"curies":[{"name":"wp","href":"https:\/\/api.w.org\/{rel}","templated":true}]}}