{"id":1699,"date":"2025-05-13T12:19:29","date_gmt":"2025-05-13T12:19:29","guid":{"rendered":"https:\/\/force3medical.com\/?page_id=1699"},"modified":"2026-03-13T19:08:17","modified_gmt":"2026-03-13T19:08:17","slug":"medical-camera-system","status":"publish","type":"page","link":"https:\/\/force3medical.com\/fr\/medical-camera-system\/","title":{"rendered":"Medical Camera System"},"content":{"rendered":"<p>[et_pb_section fb_built=&#8221;1&#8243; fullwidth=&#8221;on&#8221; disabled_on=&#8221;on|off|off&#8221; module_class=&#8221;myHero&#8221; _builder_version=&#8221;4.27.4&#8243; _module_preset=&#8221;default&#8221; background_color=&#8221;#aaaaaa&#8221; background_image=&#8221;https:\/\/force3medical.com\/wp-content\/uploads\/2025\/06\/Untitled-design-1-1.png&#8221; background_size=&#8221;contain&#8221; background_position=&#8221;bottom_right&#8221; background_horizontal_offset=&#8221;5%&#8221; min_height=&#8221;80vh&#8221; height=&#8221;65vh&#8221; custom_margin=&#8221;-70px||||false|false&#8221; custom_padding=&#8221;0px||||false|false&#8221; scroll_fade_enable=&#8221;on&#8221; motion_trigger_start=&#8221;top&#8221; background_horizontal_offset_tablet=&#8221;0%&#8221; background_horizontal_offset_phone=&#8221;1%&#8221; custom_css_main_element=&#8221;||  &#8221; locked=&#8221;off&#8221; global_colors_info=&#8221;{}&#8221;][et_pb_fullwidth_header title=&#8221;SHARE YOUR EXPERTISE&#8221; content_max_width=&#8221;45%&#8221; content_max_width_tablet=&#8221;80%&#8221; content_max_width_phone=&#8221;100%&#8221; content_max_width_last_edited=&#8221;on|phone&#8221; disabled_on=&#8221;on|off|off&#8221; admin_label=&#8221;Fullwidth Header&#8221; module_class=&#8221;heroTitle&#8221; _builder_version=&#8221;4.27.4&#8243; _module_preset=&#8221;default&#8221; title_font=&#8221;|700|||||||&#8221; title_font_size=&#8221;3.9vw&#8221; subhead_font=&#8221;|300|||||||&#8221; subhead_font_size=&#8221;17px&#8221; subhead_line_height=&#8221;1.7em&#8221; background_enable_color=&#8221;off&#8221; background_enable_image=&#8221;off&#8221; transform_scale_tablet=&#8221;&#8221; transform_scale_phone=&#8221;&#8221; transform_scale_last_edited=&#8221;on|tablet&#8221; transform_translate=&#8221;0px|10vh&#8221; transform_translate_tablet=&#8221;0px|-30px&#8221; transform_translate_phone=&#8221;0px|-8vh&#8221; transform_translate_last_edited=&#8221;on|tablet&#8221; transform_translate_linked=&#8221;off&#8221; transform_rotate_tablet=&#8221;&#8221; transform_rotate_phone=&#8221;&#8221; transform_rotate_last_edited=&#8221;on|tablet&#8221; transform_skew_tablet=&#8221;&#8221; transform_skew_phone=&#8221;&#8221; transform_skew_last_edited=&#8221;on|tablet&#8221; transform_origin_tablet=&#8221;&#8221; transform_origin_phone=&#8221;&#8221; transform_origin_last_edited=&#8221;on|tablet&#8221; min_height_tablet=&#8221;&#8221; min_height_phone=&#8221;&#8221; min_height_last_edited=&#8221;on|phone&#8221; custom_margin=&#8221;||19px|||&#8221; custom_padding=&#8221;60px||0px||false|false&#8221; custom_padding_tablet=&#8221;60px||0px||false|false&#8221; custom_padding_phone=&#8221;65px||0px||false|false&#8221; custom_padding_last_edited=&#8221;on|desktop&#8221; title_font_size_tablet=&#8221;4.75vw&#8221; title_font_size_phone=&#8221;5vw&#8221; title_font_size_last_edited=&#8221;on|phone&#8221; border_width_all=&#8221;0px&#8221; text_shadow_style=&#8221;preset5&#8243; global_colors_info=&#8221;{}&#8221; min_height__hover_enabled=&#8221;on|desktop&#8221;][\/et_pb_fullwidth_header][et_pb_fullwidth_header content_max_width=&#8221;45%&#8221; content_max_width_tablet=&#8221;80%&#8221; content_max_width_phone=&#8221;100%&#8221; content_max_width_last_edited=&#8221;on|phone&#8221; admin_label=&#8221;Fullwidth Header&#8221; module_class=&#8221;heroTitle&#8221; _builder_version=&#8221;4.27.4&#8243; _module_preset=&#8221;default&#8221; title_font=&#8221;|300|||||||&#8221; title_font_size=&#8221;3.9vw&#8221; content_font_size=&#8221;18px&#8221; subhead_font=&#8221;|300|||||||&#8221; subhead_font_size=&#8221;17px&#8221; subhead_line_height=&#8221;1.7em&#8221; background_enable_color=&#8221;off&#8221; background_enable_image=&#8221;off&#8221; transform_scale_tablet=&#8221;&#8221; transform_scale_phone=&#8221;&#8221; transform_scale_last_edited=&#8221;on|phone&#8221; transform_translate=&#8221;0px|10vh&#8221; transform_translate_tablet=&#8221;0px|-30px&#8221; transform_translate_phone=&#8221;0px|-8vh&#8221; transform_translate_last_edited=&#8221;on|tablet&#8221; transform_translate_linked=&#8221;off&#8221; transform_translate_linked_tablet=&#8221;off&#8221; transform_rotate_tablet=&#8221;&#8221; transform_rotate_phone=&#8221;&#8221; transform_rotate_last_edited=&#8221;on|desktop&#8221; transform_skew_tablet=&#8221;&#8221; transform_skew_phone=&#8221;&#8221; transform_skew_last_edited=&#8221;on|desktop&#8221; transform_origin_tablet=&#8221;&#8221; transform_origin_phone=&#8221;&#8221; transform_origin_last_edited=&#8221;on|desktop&#8221; transform_styles_last_edited=&#8221;on|tablet&#8221; min_height_tablet=&#8221;&#8221; min_height_phone=&#8221;100px&#8221; min_height_last_edited=&#8221;on|phone&#8221; height=&#8221;100px&#8221; height_last_edited=&#8221;off|phone&#8221; custom_margin_tablet=&#8221;&#8221; custom_margin_phone=&#8221;||0px||false|false&#8221; custom_margin_last_edited=&#8221;on|desktop&#8221; custom_padding=&#8221;14px|||||&#8221; custom_padding_tablet=&#8221;&#8221; custom_padding_phone=&#8221;0px|0px|0px|0px|false|false&#8221; custom_padding_last_edited=&#8221;on|desktop&#8221; hover_enabled=&#8221;0&#8243; title_font_size_tablet=&#8221;4.75vw&#8221; title_font_size_phone=&#8221;5vw&#8221; title_font_size_last_edited=&#8221;on|phone&#8221; subhead_line_height_tablet=&#8221;1.7em&#8221; subhead_line_height_phone=&#8221;1.5em&#8221; subhead_line_height_last_edited=&#8221;on|phone&#8221; transform_styles_tablet=&#8221;&#8221; transform_styles_phone=&#8221;&#8221; subhead_text_shadow_style=&#8221;preset4&#8243; border_width_all=&#8221;0px&#8221; locked=&#8221;off&#8221; global_colors_info=&#8221;{}&#8221; min_height__hover_enabled=&#8221;on|desktop&#8221; sticky_enabled=&#8221;0&#8243;]<\/p>\n<p>Affichez, capturez et partagez les connaissances op\u00e9ratoires du chirurgien<\/p>\n<p>[\/et_pb_fullwidth_header][\/et_pb_section][et_pb_section fb_built=&#8221;1&#8243; disabled_on=&#8221;off|on|on&#8221; module_class=&#8221;mobile-section&#8221; _builder_version=&#8221;4.27.4&#8243; _module_preset=&#8221;default&#8221; background_color=&#8221;#aaaaaa&#8221; custom_padding=&#8221;||0px||false|false&#8221; custom_css_free_form=&#8221;.mobile-section {||  display: none !important; \/* Hide the section by default *\/||}||||@media (max-width: 768px) {||  .mobile-section {||    display: block !important; \/* Show the section only on mobile devices *\/||  }||}||&#8221; locked=&#8221;off&#8221; global_colors_info=&#8221;{}&#8221;][et_pb_row column_structure=&#8221;1_2,1_2&#8243; _builder_version=&#8221;4.27.4&#8243; _module_preset=&#8221;default&#8221; global_colors_info=&#8221;{}&#8221;][et_pb_column type=&#8221;1_2&#8243; _builder_version=&#8221;4.27.4&#8243; _module_preset=&#8221;default&#8221; global_colors_info=&#8221;{}&#8221;][et_pb_text _builder_version=&#8221;4.27.4&#8243; _module_preset=&#8221;default&#8221; header_text_color=&#8221;#FFFFFF&#8221; header_font_size=&#8221;26px&#8221; custom_padding=&#8221;50px||||false|false&#8221; header_text_shadow_style=&#8221;preset4&#8243; global_colors_info=&#8221;{}&#8221;]<\/p>\n<h1 class=\"et_pb_module_header\">Partagez votre expertise<\/h1>\n<p>[\/et_pb_text][et_pb_text content_tablet=&#8221;<\/p>\n<h1 class=\"%22et_pb_module_header\" et-fb-editable-element et-fb-editable-element__editing%22 data-shortcode-id=\"%220.0-1750053818386%22\" data-quickaccess-id=\"%22title%22\" contenteditable=\"%22true%22\">Les t\u00e9lescopes chirurgicaux standard Xenosys offrent un champ de vision large et net avec une profondeur de champ exceptionnelle pour une pr\u00e9cision et une clart\u00e9 am\u00e9lior\u00e9es<\/h1>\n<p>&#8221; content_phone=&#8221;<\/p>\n<p class=\"%22et_pb_module_header\" et-fb-editable-element et-fb-editable-element__editing%22 data-shortcode-id=\"%220.0-1750053818386%22\" data-quickaccess-id=\"%22title%22\" contenteditable=\"%22true%22\">Les t\u00e9lescopes chirurgicaux standard Xenosys offrent un champ de vision large et net avec une profondeur de champ exceptionnelle pour une pr\u00e9cision et une clart\u00e9 am\u00e9lior\u00e9es<\/p>\n<p>&#8221; content_last_edited=&#8221;on|phone&#8221; _builder_version=&#8221;4.27.4&#8243; _module_preset=&#8221;default&#8221; text_font=&#8221;|300|||||||&#8221; text_text_color=&#8221;#FFFFFF&#8221; text_font_size=&#8221;17px&#8221; text_letter_spacing=&#8221;1px&#8221; header_font=&#8221;|300|||||||&#8221; text_text_shadow_style=&#8221;preset5&#8243; locked=&#8221;off&#8221; global_colors_info=&#8221;{}&#8221;]<\/p>\n<h1 class=\"et_pb_module_header et-fb-editable-element et-fb-editable-element__editing\" data-shortcode-id=\"0.0-1750053818386\" data-quickaccess-id=\"title\" contenteditable=\"true\">Les t\u00e9lescopes chirurgicaux standard Xenosys offrent un champ de vision large et net avec une profondeur de champ exceptionnelle pour une pr\u00e9cision et une clart\u00e9 am\u00e9lior\u00e9es<\/h1>\n<p>[\/et_pb_text][et_pb_text content_tablet=&#8221;<\/p>\n<h1 class=\"%22et_pb_module_header\" et-fb-editable-element et-fb-editable-element__editing%22 data-shortcode-id=\"%220.0-1750053818386%22\" data-quickaccess-id=\"%22title%22\" contenteditable=\"%22true%22\">Les t\u00e9lescopes chirurgicaux standard Xenosys offrent un champ de vision large et net avec une profondeur de champ exceptionnelle pour une pr\u00e9cision et une clart\u00e9 am\u00e9lior\u00e9es<\/h1>\n<p>&#8221; content_phone=&#8221;&#8221; content_last_edited=&#8221;on|phone&#8221; _builder_version=&#8221;4.27.4&#8243; _module_preset=&#8221;default&#8221; text_font=&#8221;|300|||||||&#8221; text_text_color=&#8221;#FFFFFF&#8221; text_font_size=&#8221;17px&#8221; text_letter_spacing=&#8221;1px&#8221; header_font=&#8221;|300|||||||&#8221; text_text_shadow_style=&#8221;preset5&#8243; global_colors_info=&#8221;{}&#8221;]<\/p>\n<h1 class=\"et_pb_module_header et-fb-editable-element et-fb-editable-element__editing\" data-shortcode-id=\"0.0-1750053818386\" data-quickaccess-id=\"title\" contenteditable=\"true\">Les t\u00e9lescopes chirurgicaux standard Xenosys offrent un champ de vision large et net avec une profondeur de champ exceptionnelle pour une pr\u00e9cision et une clart\u00e9 am\u00e9lior\u00e9es<\/h1>\n<p>[\/et_pb_text][\/et_pb_column][et_pb_column type=&#8221;1_2&#8243; admin_label=&#8221;Column&#8221; _builder_version=&#8221;4.27.4&#8243; _module_preset=&#8221;default&#8221; custom_padding=&#8221;||0px||false|false&#8221; custom_padding_tablet=&#8221;||0px||false|false&#8221; custom_padding_phone=&#8221;||0px||false|false&#8221; custom_padding_last_edited=&#8221;on|phone&#8221; global_colors_info=&#8221;{}&#8221;][et_pb_image src=&#8221;https:\/\/force3medical.com\/wp-content\/uploads\/2025\/06\/Fabrique\u0301-parManufactured-by-13-e1749838526764.png&#8221; title_text=&#8221;6-min&#8221; show_bottom_space=&#8221;off&#8221; src_tablet=&#8221;https:\/\/force3medical.com\/wp-content\/uploads\/2025\/06\/Fabrique\u0301-parManufactured-by-13-e1749838526764.png&#8221; src_phone=&#8221;https:\/\/force3medical.com\/wp-content\/uploads\/2025\/06\/6-min.png&#8221; src_last_edited=&#8221;on|phone&#8221; _builder_version=&#8221;4.27.4&#8243; _module_preset=&#8221;default&#8221; custom_padding=&#8221;||0px||false|false&#8221; global_colors_info=&#8221;{}&#8221;][\/et_pb_image][\/et_pb_column][\/et_pb_row][\/et_pb_section][et_pb_section fb_built=&#8221;1&#8243; fullwidth=&#8221;on&#8221; disabled_on=&#8221;on|on|on&#8221; admin_label=&#8221;Section&#8221; _builder_version=&#8221;4.27.4&#8243; _module_preset=&#8221;default&#8221; disabled=&#8221;on&#8221; locked=&#8221;off&#8221; global_colors_info=&#8221;{}&#8221;][et_pb_fullwidth_image src=&#8221;https:\/\/force3medical.com\/wp-content\/uploads\/2025\/06\/1-2-e1751224905832.png&#8221; title_text=&#8221;1&#8243; _builder_version=&#8221;4.27.4&#8243; _module_preset=&#8221;default&#8221; width=&#8221;170px&#8221; width_tablet=&#8221;140px&#8221; width_phone=&#8221;100px&#8221; width_last_edited=&#8221;on|phone&#8221; module_alignment=&#8221;right&#8221; custom_margin=&#8221;0px||||false|false&#8221; custom_padding=&#8221;15px|10px||0px|false|false&#8221; global_colors_info=&#8221;{}&#8221;][\/et_pb_fullwidth_image][\/et_pb_section][et_pb_section fb_built=&#8221;1&#8243; _builder_version=&#8221;4.27.4&#8243; _module_preset=&#8221;default&#8221; transform_scale_tablet=&#8221;&#8221; transform_scale_phone=&#8221;&#8221; transform_scale_last_edited=&#8221;on|phone&#8221; transform_translate_tablet=&#8221;&#8221; transform_translate_phone=&#8221;&#8221; transform_translate_last_edited=&#8221;on|desktop&#8221; transform_rotate_tablet=&#8221;&#8221; transform_rotate_phone=&#8221;&#8221; transform_rotate_last_edited=&#8221;on|desktop&#8221; transform_skew_tablet=&#8221;&#8221; transform_skew_phone=&#8221;&#8221; transform_skew_last_edited=&#8221;on|desktop&#8221; transform_origin_tablet=&#8221;&#8221; transform_origin_phone=&#8221;&#8221; transform_origin_last_edited=&#8221;on|desktop&#8221; transform_styles_last_edited=&#8221;on|phone&#8221; custom_padding=&#8221;0px||1px|||&#8221; background_last_edited=&#8221;on|phone&#8221; transform_styles_tablet=&#8221;&#8221; transform_styles_phone=&#8221;&#8221; global_colors_info=&#8221;{}&#8221;][et_pb_row disabled_on=&#8221;on|on|off&#8221; _builder_version=&#8221;4.27.4&#8243; _module_preset=&#8221;default&#8221; module_alignment=&#8221;right&#8221; custom_margin=&#8221;||||false|false&#8221; custom_padding=&#8221;|50px|||false|false&#8221; hover_enabled=&#8221;0&#8243; global_colors_info=&#8221;{}&#8221; sticky_enabled=&#8221;0&#8243;][et_pb_column type=&#8221;4_4&#8243; _builder_version=&#8221;4.27.4&#8243; _module_preset=&#8221;default&#8221; global_colors_info=&#8221;{}&#8221;][et_pb_text _builder_version=&#8221;4.27.4&#8243; _module_preset=&#8221;default&#8221; text_font=&#8221;||||||||&#8221; text_font_size=&#8221;10px&#8221; text_orientation=&#8221;right&#8221; custom_margin=&#8221;||-4px|||&#8221; custom_padding=&#8221;||0px|||&#8221; global_colors_info=&#8221;{}&#8221;]<\/p>\n<p>FABRIQU\u00c9 PAR\u200e \u200e \u200e \u200e\u200e \u200e \u200e\u200e \u200e\u200e \u200e\u200e \u200e \u200e\u200e \u200e  \u200e \u200e\u200e \u200e \u200e\u200e \u200e\u200e \u200e \u200e \u200e \u200e \u200e \u200e \u200e<\/p>\n<p>[\/et_pb_text][et_pb_image src=&#8221;https:\/\/force3medical.com\/wp-content\/uploads\/2025\/06\/Fabrique\u0301-parManufactured-by-2-e1751486743150.png&#8221; title_text=&#8221;Fabrique\u0301 parManufactured by (2)&#8221; align=&#8221;right&#8221; src_tablet=&#8221;https:\/\/force3medical.com\/wp-content\/uploads\/2025\/06\/Fabrique\u0301-parManufactured-by-2-e1751486743150.png&#8221; src_phone=&#8221;https:\/\/force3medical.com\/wp-content\/uploads\/2025\/06\/Fabrique\u0301-parManufactured-by-2-e1751486743150.png&#8221; src_last_edited=&#8221;on|phone&#8221; _builder_version=&#8221;4.27.4&#8243; _module_preset=&#8221;default&#8221; width=&#8221;13%&#8221; max_width=&#8221;64%&#8221; global_colors_info=&#8221;{}&#8221;][\/et_pb_image][\/et_pb_column][\/et_pb_row][et_pb_row disabled_on=&#8221;off|on|on&#8221; _builder_version=&#8221;4.27.4&#8243; _module_preset=&#8221;default&#8221; module_alignment=&#8221;right&#8221; custom_margin=&#8221;||||false|false&#8221; custom_padding=&#8221;|10px|||false|false&#8221; global_colors_info=&#8221;{}&#8221;][et_pb_column type=&#8221;4_4&#8243; _builder_version=&#8221;4.27.4&#8243; _module_preset=&#8221;default&#8221; global_colors_info=&#8221;{}&#8221;][et_pb_text _builder_version=&#8221;4.27.4&#8243; _module_preset=&#8221;default&#8221; text_font=&#8221;||||||||&#8221; text_font_size=&#8221;9px&#8221; text_orientation=&#8221;right&#8221; custom_margin=&#8221;||-4px|||&#8221; custom_padding=&#8221;||0px|||&#8221; global_colors_info=&#8221;{}&#8221;]<\/p>\n<p>FABRIQU\u00c9 PAR\u200e \u200e \u200e \u200e\u200e \u200e \u200e\u200e \u200e\u200e \u200e\u200e \u200e \u200e\u200e<\/p>\n<p>[\/et_pb_text][et_pb_image src=&#8221;https:\/\/force3medical.com\/wp-content\/uploads\/2025\/06\/Fabrique\u0301-parManufactured-by-2-e1751486743150.png&#8221; title_text=&#8221;Fabrique\u0301 parManufactured by (2)&#8221; align=&#8221;right&#8221; src_tablet=&#8221;https:\/\/force3medical.com\/wp-content\/uploads\/2025\/06\/Fabrique\u0301-parManufactured-by-2-e1751486743150.png&#8221; src_phone=&#8221;https:\/\/force3medical.com\/wp-content\/uploads\/2025\/06\/Fabrique\u0301-parManufactured-by-2-e1751486743150.png&#8221; src_last_edited=&#8221;on|phone&#8221; _builder_version=&#8221;4.27.4&#8243; _module_preset=&#8221;default&#8221; width=&#8221;100%&#8221; max_width=&#8221;37%&#8221; global_colors_info=&#8221;{}&#8221;][\/et_pb_image][\/et_pb_column][\/et_pb_row][\/et_pb_section][et_pb_section fb_built=&#8221;1&#8243; _builder_version=&#8221;4.27.4&#8243; _module_preset=&#8221;default&#8221; background_color=&#8221;#FFFFFF&#8221; width=&#8221;100%&#8221; custom_padding=&#8221;50px||||false|false&#8221; global_colors_info=&#8221;{}&#8221;][et_pb_row column_structure=&#8221;1_2,1_2&#8243; _builder_version=&#8221;4.27.4&#8243; _module_preset=&#8221;default&#8221; background_enable_image=&#8221;off&#8221; custom_padding=&#8221;0px|||||&#8221; global_colors_info=&#8221;{}&#8221;][et_pb_column type=&#8221;1_2&#8243; _builder_version=&#8221;4.18.0&#8243; _module_preset=&#8221;default&#8221; background_enable_image=&#8221;off&#8221; background_size=&#8221;contain&#8221; global_colors_info=&#8221;{}&#8221;][et_pb_image src=&#8221;https:\/\/force3medical.com\/wp-content\/uploads\/2025\/06\/e1e7f733-fe5c-43f6-b7ac-618de5601001-e1751471255605.png&#8221; title_text=&#8221;e1e7f733-fe5c-43f6-b7ac-618de5601001&#8243; src_tablet=&#8221;https:\/\/force3medical.com\/wp-content\/uploads\/2022\/10\/lyn-15-telescope-dual-lampe-side-man2.jpg&#8221; src_phone=&#8221;https:\/\/force3medical.com\/wp-content\/uploads\/2022\/10\/lyn-15-telescope-dual-lampe-side-man2.jpg&#8221; src_last_edited=&#8221;on|phone&#8221; _builder_version=&#8221;4.27.4&#8243; _module_preset=&#8221;default&#8221; width=&#8221;86%&#8221; module_alignment=&#8221;center&#8221; height_tablet=&#8221;498px&#8221; height_phone=&#8221;&#8221; height_last_edited=&#8221;on|phone&#8221; global_colors_info=&#8221;{}&#8221;][\/et_pb_image][\/et_pb_column][et_pb_column type=&#8221;1_2&#8243; _builder_version=&#8221;4.18.0&#8243; _module_preset=&#8221;default&#8221; global_colors_info=&#8221;{}&#8221;][et_pb_text _builder_version=&#8221;4.18.0&#8243; _module_preset=&#8221;default&#8221; text_font=&#8221;|300|||||||&#8221; text_font_size=&#8221;1.1rem&#8221; text_line_height=&#8221;1.8em&#8221; header_2_font=&#8221;|300|||||||&#8221; header_2_font_size=&#8221;42px&#8221; global_colors_info=&#8221;{}&#8221;]<\/p>\n<h1><span style=\"font-size: x-large;\">Xenosys LooksCAM II est un syst\u00e8me portable de phare LED et de cam\u00e9ra HD permettant un enregistrement haute d\u00e9finition \u00e9tendu au bloc op\u00e9ratoire. Enregistrez les interventions en Full HD (1920 \u00d7 1080) et diffusez-les en temps r\u00e9el sur n'importe quel appareil via un c\u00e2ble HDMI.<\/span>.<\/h1>\n<p>Le syst\u00e8me comprend un phare r\u00e9glable avec une luminosit\u00e9 allant jusqu'\u00e0 <strong data-start=\"992\" data-end=\"1006\">35 000 lux<\/strong>, une t\u00e9l\u00e9commande pour une utilisation mains libres facile et un <strong data-start=\"1071\" data-end=\"1094\">Carte microSD de 128 Go<\/strong> pour le stockage \u00e0 bord.<\/p>\n<p>[\/et_pb_text][\/et_pb_column][\/et_pb_row][et_pb_row column_structure=&#8221;1_2,1_2&#8243; _builder_version=&#8221;4.18.0&#8243; _module_preset=&#8221;default&#8221; background_enable_image=&#8221;off&#8221; custom_padding=&#8221;0px|||||&#8221; global_colors_info=&#8221;{}&#8221;][et_pb_column type=&#8221;1_2&#8243; _builder_version=&#8221;4.18.0&#8243; _module_preset=&#8221;default&#8221; background_enable_image=&#8221;off&#8221; background_size=&#8221;contain&#8221; global_colors_info=&#8221;{}&#8221;][et_pb_image src=&#8221;https:\/\/force3medical.com\/wp-content\/uploads\/2025\/06\/b217b7ae-d46f-4b69-8a62-3e193ef0a49a.png&#8221; title_text=&#8221;b217b7ae-d46f-4b69-8a62-3e193ef0a49a&#8221; _builder_version=&#8221;4.27.4&#8243; _module_preset=&#8221;default&#8221; global_colors_info=&#8221;{}&#8221;][\/et_pb_image][\/et_pb_column][et_pb_column type=&#8221;1_2&#8243; _builder_version=&#8221;4.18.0&#8243; _module_preset=&#8221;default&#8221; global_colors_info=&#8221;{}&#8221;][et_pb_text _builder_version=&#8221;4.27.4&#8243; _module_preset=&#8221;default&#8221; text_font=&#8221;|300|||||||&#8221; text_text_color=&#8221;#706f6e&#8221; text_font_size=&#8221;1.2rem&#8221; text_line_height=&#8221;1.6em&#8221; ul_font_size=&#8221;1.1rem&#8221; ul_line_height=&#8221;1.8em&#8221; header_2_font=&#8221;|300|||||||&#8221; header_2_font_size=&#8221;49px&#8221; header_2_font_size_tablet=&#8221;49px&#8221; header_2_font_size_phone=&#8221;35px&#8221; header_2_font_size_last_edited=&#8221;on|desktop&#8221; global_colors_info=&#8221;{}&#8221;]<\/p>\n<p><span style=\"color: #000000;\"><strong><span style=\"font-size: 17.6px;\">Caract\u00e9ristiques<\/span><\/strong><\/span><\/p>\n<ul style=\"line-height: 170%;\">\n<li data-start=\"1218\" data-end=\"1264\">\n<p data-start=\"1220\" data-end=\"1264\">R\u00e9solution Full HD : <strong data-start=\"1240\" data-end=\"1262\">1920 \u00d7 1080 \u00e0 30 ips<\/strong><\/p>\n<\/li>\n<li data-start=\"1267\" data-end=\"1294\">\n<p data-start=\"1269\" data-end=\"1294\">Sortie de flux en direct HDMI<\/p>\n<\/li>\n<li data-start=\"1297\" data-end=\"1337\">\n<p data-start=\"1299\" data-end=\"1337\"><strong data-start=\"1299\" data-end=\"1315\">Options de zoom<\/strong>: 1,5\u00d7 \/ 2,0\u00d7 \/ 3,0\u00d7<\/p>\n<\/li>\n<li data-start=\"1340\" data-end=\"1379\">\n<p data-start=\"1342\" data-end=\"1379\"><strong data-start=\"1342\" data-end=\"1371\">Autofocus et mise au point fixe<\/strong> modes<\/p>\n<\/li>\n<li data-start=\"1382\" data-end=\"1409\">\n<p data-start=\"1384\" data-end=\"1409\"><strong data-start=\"1384\" data-end=\"1407\">Stabilisation d'image<\/strong><\/p>\n<\/li>\n<li data-start=\"1412\" data-end=\"1469\">\n<p data-start=\"1414\" data-end=\"1469\">LED haute luminosit\u00e9 int\u00e9gr\u00e9e : <strong data-start=\"1446\" data-end=\"1467\">20 000 \u00e0 35 000 lux<\/strong><\/p>\n<\/li>\n<li data-start=\"1472\" data-end=\"1526\">\n<p data-start=\"1474\" data-end=\"1526\"><strong data-start=\"1474\" data-end=\"1492\">T\u00e9l\u00e9commande<\/strong> pour l'enregistrement et la capture de photos<\/p>\n<\/li>\n<li data-start=\"1529\" data-end=\"1565\">\n<p data-start=\"1531\" data-end=\"1565\">Int\u00e9gr\u00e9 <strong data-start=\"1540\" data-end=\"1563\">Carte microSD de 128 Go<\/strong><\/p>\n<\/li>\n<li data-start=\"1568\" data-end=\"1602\">\n<p data-start=\"1570\" data-end=\"1602\">Syst\u00e8me l\u00e9ger et compact<\/p>\n<\/li>\n<li data-start=\"1605\" data-end=\"1673\">\n<p data-start=\"1607\" data-end=\"1673\">Comprend : casque, manette, c\u00e2ble HDMI, c\u00e2ble d'alimentation, \u00e9tui de transport<\/p>\n<\/li>\n<\/ul>\n<p>[\/et_pb_text][\/et_pb_column][\/et_pb_row][\/et_pb_section]<\/p>","protected":false},"excerpt":{"rendered":"<p>Display, capture and share the surgeon\u2019s operative insight.Share Your ExpertiseXenosys standard surgical telescopes deliver a wide, sharp field of view with outstanding depth of field for enhanced precision and clarityXenosys standard surgical telescopes deliver a wide, sharp field of view with outstanding depth of field for enhanced precision and clarityMANUFACTURED BY\u200e \u200e \u200e \u200e \u200e\u200e [&hellip;]<\/p>","protected":false},"author":4,"featured_media":0,"parent":0,"menu_order":0,"comment_status":"closed","ping_status":"closed","template":"","meta":{"_et_pb_use_builder":"on","_et_pb_old_content":"","_et_gb_content_width":"","footnotes":""},"difl_page_category":[],"class_list":["post-1699","page","type-page","status-publish","hentry"],"_links":{"self":[{"href":"https:\/\/force3medical.com\/fr\/wp-json\/wp\/v2\/pages\/1699","targetHints":{"allow":["GET"]}}],"collection":[{"href":"https:\/\/force3medical.com\/fr\/wp-json\/wp\/v2\/pages"}],"about":[{"href":"https:\/\/force3medical.com\/fr\/wp-json\/wp\/v2\/types\/page"}],"author":[{"embeddable":true,"href":"https:\/\/force3medical.com\/fr\/wp-json\/wp\/v2\/users\/4"}],"replies":[{"embeddable":true,"href":"https:\/\/force3medical.com\/fr\/wp-json\/wp\/v2\/comments?post=1699"}],"version-history":[{"count":76,"href":"https:\/\/force3medical.com\/fr\/wp-json\/wp\/v2\/pages\/1699\/revisions"}],"predecessor-version":[{"id":3124,"href":"https:\/\/force3medical.com\/fr\/wp-json\/wp\/v2\/pages\/1699\/revisions\/3124"}],"wp:attachment":[{"href":"https:\/\/force3medical.com\/fr\/wp-json\/wp\/v2\/media?parent=1699"}],"wp:term":[{"taxonomy":"difl_page_category","embeddable":true,"href":"https:\/\/force3medical.com\/fr\/wp-json\/wp\/v2\/difl_page_category?post=1699"}],"curies":[{"name":"wp","href":"https:\/\/api.w.org\/{rel}","templated":true}]}}